{"id":10689,"date":"2016-02-28T22:51:00","date_gmt":"2016-02-28T22:51:00","guid":{"rendered":"http:\/\/moi-style.com\/trgovina\/uncategorized\/bow-tie-flower\/"},"modified":"2016-02-28T22:51:00","modified_gmt":"2016-02-28T22:51:00","slug":"bow-tie-flower","status":"publish","type":"product","link":"https:\/\/moi-style.com\/en\/shop\/men\/wooden-bowties\/bow-tie-flower\/","title":{"rendered":"Bow tie | Flower"},"content":{"rendered":"<p><strong>Uporabljeni materiali:<\/strong><\/p>\n<ul>\n<li>Hrastov les.<\/li>\n<li>Trakec iz bomba\u017ea, ki smo ga na\u0161li med zakladi v na\u0161i Moi omari.<\/li>\n<\/ul>\n<p>Lesen metulj\u010dek se prilagodi velikosti vratu, saj se sam trakec za okoli vratu lahko podalj\u0161uje ali kraj\u0161a.<\/p>\n<p>Lesen metulj\u010dek je ob dopla\u010dilu pakiran v \u0161katlici, ki je primerna tudi za kasnej\u0161o hrambo metulj\u010dka.<\/p>\n<p>Brez dopla\u010dila je mo\u017ena tudi poljubna menjava blaga.<\/p>\n<p>Vsak izdelek je unikaten in se zato lahko v majhnih niansah razlikuje od izdelka na fotografiji.<\/p>\n<p><small>*Obrtno-podjetni\u0161ka zbornica Slovenije je izdala certifikat \u0161tevilka: 8583-01\/16 in s tem na\u0161i leseni metulj\u010dki spadajo med rokodelske izdelke in imajo certifikat &#8220;Rokodelstvo Art&amp;Craft Slovenija&#8221;.<\/small><\/p>\n","protected":false},"excerpt":{"rendered":"<p>Mogo\u010de \u010drna barva ni ravno tvoja najljub\u0161a &#8211; ravno za tak\u0161ne kot si ti, smo pripravili tukaj pri MOI svetlej\u0161o alternativo, \u010drno z belimi pikicami.<\/p>\n","protected":false},"featured_media":1648,"template":"","meta":[],"product_brand":[],"product_cat":[105],"product_tag":[139,127,125],"class_list":{"0":"post-10689","1":"product","2":"type-product","3":"status-publish","4":"has-post-thumbnail","6":"product_cat-wooden-bowties","7":"product_tag-men-wooden-bowtie","8":"product_tag-oak-en","9":"product_tag-wooden-bowtie-en","11":"first","12":"onbackorder","13":"shipping-taxable","14":"purchasable","15":"product-type-simple"},"yoast_head":"<!-- This site is optimized with the Yoast SEO plugin v27.1.1 - https:\/\/yoast.com\/product\/yoast-seo-wordpress\/ -->\n<title>Bow tie | Flower - Moi Style<\/title>\n<meta name=\"robots\" content=\"index, follow, max-snippet:-1, max-image-preview:large, max-video-preview:-1\" \/>\n<link rel=\"canonical\" href=\"https:\/\/moi-style.com\/en\/shop\/men\/wooden-bowties\/bow-tie-flower\/\" \/>\n<meta property=\"og:locale\" content=\"en_US\" \/>\n<meta property=\"og:type\" content=\"article\" \/>\n<meta property=\"og:title\" content=\"Bow tie | Flower - Moi Style\" \/>\n<meta property=\"og:description\" content=\"Mogo\u010de \u010drna barva ni ravno tvoja najljub\u0161a - ravno za tak\u0161ne kot si ti, smo pripravili tukaj pri MOI svetlej\u0161o alternativo, \u010drno z belimi pikicami.\" \/>\n<meta property=\"og:url\" content=\"https:\/\/moi-style.com\/en\/shop\/men\/wooden-bowties\/bow-tie-flower\/\" \/>\n<meta property=\"og:site_name\" content=\"Moi Style\" \/>\n<meta property=\"og:image\" content=\"https:\/\/moi-style.com\/wp-content\/uploads\/2023\/02\/rozica3.jpg\" \/>\n\t<meta property=\"og:image:width\" content=\"1800\" \/>\n\t<meta property=\"og:image:height\" content=\"1200\" \/>\n\t<meta property=\"og:image:type\" content=\"image\/jpeg\" \/>\n<meta name=\"twitter:card\" content=\"summary_large_image\" \/>\n<meta name=\"twitter:label1\" content=\"Est. reading time\" \/>\n\t<meta name=\"twitter:data1\" content=\"1 minute\" \/>\n<script type=\"application\/ld+json\" class=\"yoast-schema-graph\">{\"@context\":\"https:\/\/schema.org\",\"@graph\":[{\"@type\":\"WebPage\",\"@id\":\"https:\/\/moi-style.com\/en\/shop\/men\/wooden-bowties\/bow-tie-flower\/\",\"url\":\"https:\/\/moi-style.com\/en\/shop\/men\/wooden-bowties\/bow-tie-flower\/\",\"name\":\"Bow tie | Flower - Moi Style\",\"isPartOf\":{\"@id\":\"https:\/\/moi-style.com\/#website\"},\"primaryImageOfPage\":{\"@id\":\"https:\/\/moi-style.com\/en\/shop\/men\/wooden-bowties\/bow-tie-flower\/#primaryimage\"},\"image\":{\"@id\":\"https:\/\/moi-style.com\/en\/shop\/men\/wooden-bowties\/bow-tie-flower\/#primaryimage\"},\"thumbnailUrl\":\"https:\/\/moi-style.com\/wp-content\/uploads\/2023\/02\/rozica3.jpg\",\"datePublished\":\"2016-02-28T22:51:00+00:00\",\"breadcrumb\":{\"@id\":\"https:\/\/moi-style.com\/en\/shop\/men\/wooden-bowties\/bow-tie-flower\/#breadcrumb\"},\"inLanguage\":\"en-US\",\"potentialAction\":[{\"@type\":\"ReadAction\",\"target\":[\"https:\/\/moi-style.com\/en\/shop\/men\/wooden-bowties\/bow-tie-flower\/\"]}]},{\"@type\":\"ImageObject\",\"inLanguage\":\"en-US\",\"@id\":\"https:\/\/moi-style.com\/en\/shop\/men\/wooden-bowties\/bow-tie-flower\/#primaryimage\",\"url\":\"https:\/\/moi-style.com\/wp-content\/uploads\/2023\/02\/rozica3.jpg\",\"contentUrl\":\"https:\/\/moi-style.com\/wp-content\/uploads\/2023\/02\/rozica3.jpg\",\"width\":1800,\"height\":1200},{\"@type\":\"BreadcrumbList\",\"@id\":\"https:\/\/moi-style.com\/en\/shop\/men\/wooden-bowties\/bow-tie-flower\/#breadcrumb\",\"itemListElement\":[{\"@type\":\"ListItem\",\"position\":1,\"name\":\"Home\",\"item\":\"https:\/\/moi-style.com\/en\/\"},{\"@type\":\"ListItem\",\"position\":2,\"name\":\"Shop\",\"item\":\"https:\/\/moi-style.com\/en\/shop\/\"},{\"@type\":\"ListItem\",\"position\":3,\"name\":\"Bow tie | Flower\"}]},{\"@type\":\"WebSite\",\"@id\":\"https:\/\/moi-style.com\/#website\",\"url\":\"https:\/\/moi-style.com\/\",\"name\":\"Moi Style\",\"description\":\"Moi \u2013 dialog med gozdom in \u010dlovekom.\",\"publisher\":{\"@id\":\"https:\/\/moi-style.com\/#organization\"},\"potentialAction\":[{\"@type\":\"SearchAction\",\"target\":{\"@type\":\"EntryPoint\",\"urlTemplate\":\"https:\/\/moi-style.com\/?s={search_term_string}\"},\"query-input\":{\"@type\":\"PropertyValueSpecification\",\"valueRequired\":true,\"valueName\":\"search_term_string\"}}],\"inLanguage\":\"en-US\"},{\"@type\":\"Organization\",\"@id\":\"https:\/\/moi-style.com\/#organization\",\"name\":\"Moi Style\",\"url\":\"https:\/\/moi-style.com\/\",\"logo\":{\"@type\":\"ImageObject\",\"inLanguage\":\"en-US\",\"@id\":\"https:\/\/moi-style.com\/#\/schema\/logo\/image\/\",\"url\":\"https:\/\/moi-style.com\/wp-content\/uploads\/2023\/02\/Moi_logo-1.png\",\"contentUrl\":\"https:\/\/moi-style.com\/wp-content\/uploads\/2023\/02\/Moi_logo-1.png\",\"width\":848,\"height\":840,\"caption\":\"Moi Style\"},\"image\":{\"@id\":\"https:\/\/moi-style.com\/#\/schema\/logo\/image\/\"}}]}<\/script>\n<!-- \/ Yoast SEO plugin. -->","yoast_head_json":{"title":"Bow tie | Flower - Moi Style","robots":{"index":"index","follow":"follow","max-snippet":"max-snippet:-1","max-image-preview":"max-image-preview:large","max-video-preview":"max-video-preview:-1"},"canonical":"https:\/\/moi-style.com\/en\/shop\/men\/wooden-bowties\/bow-tie-flower\/","og_locale":"en_US","og_type":"article","og_title":"Bow tie | Flower - Moi Style","og_description":"Mogo\u010de \u010drna barva ni ravno tvoja najljub\u0161a - ravno za tak\u0161ne kot si ti, smo pripravili tukaj pri MOI svetlej\u0161o alternativo, \u010drno z belimi pikicami.","og_url":"https:\/\/moi-style.com\/en\/shop\/men\/wooden-bowties\/bow-tie-flower\/","og_site_name":"Moi Style","og_image":[{"width":1800,"height":1200,"url":"https:\/\/moi-style.com\/wp-content\/uploads\/2023\/02\/rozica3.jpg","type":"image\/jpeg"}],"twitter_card":"summary_large_image","twitter_misc":{"Est. reading time":"1 minute"},"schema":{"@context":"https:\/\/schema.org","@graph":[{"@type":"WebPage","@id":"https:\/\/moi-style.com\/en\/shop\/men\/wooden-bowties\/bow-tie-flower\/","url":"https:\/\/moi-style.com\/en\/shop\/men\/wooden-bowties\/bow-tie-flower\/","name":"Bow tie | Flower - Moi Style","isPartOf":{"@id":"https:\/\/moi-style.com\/#website"},"primaryImageOfPage":{"@id":"https:\/\/moi-style.com\/en\/shop\/men\/wooden-bowties\/bow-tie-flower\/#primaryimage"},"image":{"@id":"https:\/\/moi-style.com\/en\/shop\/men\/wooden-bowties\/bow-tie-flower\/#primaryimage"},"thumbnailUrl":"https:\/\/moi-style.com\/wp-content\/uploads\/2023\/02\/rozica3.jpg","datePublished":"2016-02-28T22:51:00+00:00","breadcrumb":{"@id":"https:\/\/moi-style.com\/en\/shop\/men\/wooden-bowties\/bow-tie-flower\/#breadcrumb"},"inLanguage":"en-US","potentialAction":[{"@type":"ReadAction","target":["https:\/\/moi-style.com\/en\/shop\/men\/wooden-bowties\/bow-tie-flower\/"]}]},{"@type":"ImageObject","inLanguage":"en-US","@id":"https:\/\/moi-style.com\/en\/shop\/men\/wooden-bowties\/bow-tie-flower\/#primaryimage","url":"https:\/\/moi-style.com\/wp-content\/uploads\/2023\/02\/rozica3.jpg","contentUrl":"https:\/\/moi-style.com\/wp-content\/uploads\/2023\/02\/rozica3.jpg","width":1800,"height":1200},{"@type":"BreadcrumbList","@id":"https:\/\/moi-style.com\/en\/shop\/men\/wooden-bowties\/bow-tie-flower\/#breadcrumb","itemListElement":[{"@type":"ListItem","position":1,"name":"Home","item":"https:\/\/moi-style.com\/en\/"},{"@type":"ListItem","position":2,"name":"Shop","item":"https:\/\/moi-style.com\/en\/shop\/"},{"@type":"ListItem","position":3,"name":"Bow tie | Flower"}]},{"@type":"WebSite","@id":"https:\/\/moi-style.com\/#website","url":"https:\/\/moi-style.com\/","name":"Moi Style","description":"Moi \u2013 dialog med gozdom in \u010dlovekom.","publisher":{"@id":"https:\/\/moi-style.com\/#organization"},"potentialAction":[{"@type":"SearchAction","target":{"@type":"EntryPoint","urlTemplate":"https:\/\/moi-style.com\/?s={search_term_string}"},"query-input":{"@type":"PropertyValueSpecification","valueRequired":true,"valueName":"search_term_string"}}],"inLanguage":"en-US"},{"@type":"Organization","@id":"https:\/\/moi-style.com\/#organization","name":"Moi Style","url":"https:\/\/moi-style.com\/","logo":{"@type":"ImageObject","inLanguage":"en-US","@id":"https:\/\/moi-style.com\/#\/schema\/logo\/image\/","url":"https:\/\/moi-style.com\/wp-content\/uploads\/2023\/02\/Moi_logo-1.png","contentUrl":"https:\/\/moi-style.com\/wp-content\/uploads\/2023\/02\/Moi_logo-1.png","width":848,"height":840,"caption":"Moi Style"},"image":{"@id":"https:\/\/moi-style.com\/#\/schema\/logo\/image\/"}}]}},"_links":{"self":[{"href":"https:\/\/moi-style.com\/en\/wp-json\/wp\/v2\/product\/10689","targetHints":{"allow":["GET"]}}],"collection":[{"href":"https:\/\/moi-style.com\/en\/wp-json\/wp\/v2\/product"}],"about":[{"href":"https:\/\/moi-style.com\/en\/wp-json\/wp\/v2\/types\/product"}],"wp:featuredmedia":[{"embeddable":true,"href":"https:\/\/moi-style.com\/en\/wp-json\/wp\/v2\/media\/1648"}],"wp:attachment":[{"href":"https:\/\/moi-style.com\/en\/wp-json\/wp\/v2\/media?parent=10689"}],"wp:term":[{"taxonomy":"product_brand","embeddable":true,"href":"https:\/\/moi-style.com\/en\/wp-json\/wp\/v2\/product_brand?post=10689"},{"taxonomy":"product_cat","embeddable":true,"href":"https:\/\/moi-style.com\/en\/wp-json\/wp\/v2\/product_cat?post=10689"},{"taxonomy":"product_tag","embeddable":true,"href":"https:\/\/moi-style.com\/en\/wp-json\/wp\/v2\/product_tag?post=10689"}],"curies":[{"name":"wp","href":"https:\/\/api.w.org\/{rel}","templated":true}]}}